{"id":1306,"date":"2021-02-07T12:14:11","date_gmt":"2021-02-07T15:14:11","guid":{"rendered":"https:\/\/globaltelas.com.br\/?page_id=1306"},"modified":"2021-11-01T09:52:19","modified_gmt":"2021-11-01T12:52:19","slug":"blog","status":"publish","type":"page","link":"https:\/\/globaltelas.com.br\/?page_id=1306","title":{"rendered":"Blog"},"content":{"rendered":"","protected":false},"excerpt":{"rendered":"","protected":false},"author":2,"featured_media":12944,"parent":0,"menu_order":0,"comment_status":"closed","ping_status":"open","template":"elementor_full_width","meta":{"site-sidebar-layout":"default","site-content-layout":"","ast-site-content-layout":"default","site-content-style":"default","site-sidebar-style":"default","ast-global-header-display":"","ast-banner-title-visibility":"","ast-main-header-display":"","ast-hfb-above-header-display":"","ast-hfb-below-header-display":"","ast-hfb-mobile-header-display":"","site-post-title":"","ast-breadcrumbs-content":"","ast-featured-img":"","footer-sml-layout":"","ast-disable-related-posts":"","theme-transparent-header-meta":"","adv-header-id-meta":"","stick-header-meta":"","header-above-stick-meta":"","header-main-stick-meta":"","header-below-stick-meta":"","astra-migrate-meta-layouts":"default","ast-page-background-enabled":"default","ast-page-background-meta":{"desktop":{"background-color":"var(--ast-global-color-5)","background-image":"","background-repeat":"repeat","background-position":"center center","background-size":"auto","background-attachment":"scroll","background-type":"","background-media":"","overlay-type":"","overlay-color":"","overlay-opacity":"","overlay-gradient":""},"tablet":{"background-color":"","background-image":"","background-repeat":"repeat","background-position":"center center","background-size":"auto","background-attachment":"scroll","background-type":"","background-media":"","overlay-type":"","overlay-color":"","overlay-opacity":"","overlay-gradient":""},"mobile":{"background-color":"","background-image":"","background-repeat":"repeat","background-position":"center center","background-size":"auto","background-attachment":"scroll","background-type":"","background-media":"","overlay-type":"","overlay-color":"","overlay-opacity":"","overlay-gradient":""}},"ast-content-background-meta":{"desktop":{"background-color":"var(--ast-global-color-4)","background-image":"","background-repeat":"repeat","background-position":"center center","background-size":"auto","background-attachment":"scroll","background-type":"","background-media":"","overlay-type":"","overlay-color":"","overlay-opacity":"","overlay-gradient":""},"tablet":{"background-color":"var(--ast-global-color-4)","background-image":"","background-repeat":"repeat","background-position":"center center","background-size":"auto","background-attachment":"scroll","background-type":"","background-media":"","overlay-type":"","overlay-color":"","overlay-opacity":"","overlay-gradient":""},"mobile":{"background-color":"var(--ast-global-color-4)","background-image":"","background-repeat":"repeat","background-position":"center center","background-size":"auto","background-attachment":"scroll","background-type":"","background-media":"","overlay-type":"","overlay-color":"","overlay-opacity":"","overlay-gradient":""}},"footnotes":""},"class_list":["post-1306","page","type-page","status-publish","has-post-thumbnail","hentry"],"yoast_head":"<!-- This site is optimized with the Yoast SEO Premium plugin v20.0 (Yoast SEO v27.3) - https:\/\/yoast.com\/product\/yoast-seo-premium-wordpress\/ -->\n<title>Blog - Rede de Prote\u00e7\u00e3o e Tela Mosquiteiro - Global Telas<\/title>\n<meta name=\"description\" content=\"Blog - Global Telas - Especializada em Rede de Prote\u00e7\u00e3o e Tela Mosquiteiro | Leia o Blog e Saiba Tudo de Rede de Prote\u00e7\u00e3o e Tela Mosquiteiro!\" \/>\n<meta name=\"robots\" content=\"index, follow, max-snippet:-1, max-image-preview:large, max-video-preview:-1\" \/>\n<link rel=\"canonical\" href=\"https:\/\/globaltelas.com.br\/?page_id=1306\" \/>\n<meta property=\"og:locale\" content=\"pt_BR\" \/>\n<meta property=\"og:type\" content=\"article\" \/>\n<meta property=\"og:title\" content=\"Blog\" \/>\n<meta property=\"og:description\" content=\"Blog - Global Telas - Especializada em Rede de Prote\u00e7\u00e3o e Tela Mosquiteiro | Leia o Blog e Saiba Tudo de Rede de Prote\u00e7\u00e3o e Tela Mosquiteiro!\" \/>\n<meta property=\"og:url\" content=\"https:\/\/globaltelas.com.br\/?page_id=1306\" \/>\n<meta property=\"og:site_name\" content=\"Global Telas\" \/>\n<meta property=\"article:publisher\" content=\"https:\/\/www.facebook.com\/GlobalTelasBC\" \/>\n<meta property=\"article:modified_time\" content=\"2021-11-01T12:52:19+00:00\" \/>\n<meta property=\"og:image\" content=\"https:\/\/globaltelas.com.br\/wp-content\/uploads\/2021\/10\/Blog.png\" \/>\n\t<meta property=\"og:image:width\" content=\"1080\" \/>\n\t<meta property=\"og:image:height\" content=\"1080\" \/>\n\t<meta property=\"og:image:type\" content=\"image\/png\" \/>\n<meta name=\"twitter:card\" content=\"summary_large_image\" \/>\n<script type=\"application\/ld+json\" class=\"yoast-schema-graph\">{\"@context\":\"https:\\\/\\\/schema.org\",\"@graph\":[{\"@type\":[\"WebPage\",\"CollectionPage\"],\"@id\":\"https:\\\/\\\/globaltelas.com.br\\\/?page_id=1306\",\"url\":\"https:\\\/\\\/globaltelas.com.br\\\/?page_id=1306\",\"name\":\"Blog - Rede de Prote\u00e7\u00e3o e Tela Mosquiteiro - Global Telas\",\"isPartOf\":{\"@id\":\"https:\\\/\\\/globaltelas.com.br\\\/#website\"},\"primaryImageOfPage\":{\"@id\":\"https:\\\/\\\/globaltelas.com.br\\\/?page_id=1306#primaryimage\"},\"image\":{\"@id\":\"https:\\\/\\\/globaltelas.com.br\\\/?page_id=1306#primaryimage\"},\"thumbnailUrl\":\"https:\\\/\\\/globaltelas.com.br\\\/wp-content\\\/uploads\\\/2021\\\/10\\\/Blog.png\",\"datePublished\":\"2021-02-07T15:14:11+00:00\",\"dateModified\":\"2021-11-01T12:52:19+00:00\",\"description\":\"Blog - Global Telas - Especializada em Rede de Prote\u00e7\u00e3o e Tela Mosquiteiro | Leia o Blog e Saiba Tudo de Rede de Prote\u00e7\u00e3o e Tela Mosquiteiro!\",\"breadcrumb\":{\"@id\":\"https:\\\/\\\/globaltelas.com.br\\\/?page_id=1306#breadcrumb\"},\"inLanguage\":\"pt-BR\"},{\"@type\":\"ImageObject\",\"inLanguage\":\"pt-BR\",\"@id\":\"https:\\\/\\\/globaltelas.com.br\\\/?page_id=1306#primaryimage\",\"url\":\"https:\\\/\\\/globaltelas.com.br\\\/wp-content\\\/uploads\\\/2021\\\/10\\\/Blog.png\",\"contentUrl\":\"https:\\\/\\\/globaltelas.com.br\\\/wp-content\\\/uploads\\\/2021\\\/10\\\/Blog.png\",\"width\":1080,\"height\":1080},{\"@type\":\"BreadcrumbList\",\"@id\":\"https:\\\/\\\/globaltelas.com.br\\\/?page_id=1306#breadcrumb\",\"itemListElement\":[{\"@type\":\"ListItem\",\"position\":1,\"name\":\"Home\",\"item\":\"https:\\\/\\\/globaltelas.com.br\\\/\"},{\"@type\":\"ListItem\",\"position\":2,\"name\":\"Blog\"}]},{\"@type\":\"WebSite\",\"@id\":\"https:\\\/\\\/globaltelas.com.br\\\/#website\",\"url\":\"https:\\\/\\\/globaltelas.com.br\\\/\",\"name\":\"Global Telas\",\"description\":\"Rede de Prote\u00e7\u00e3o e Tela Mosquiteiro\",\"publisher\":{\"@id\":\"https:\\\/\\\/globaltelas.com.br\\\/#organization\"},\"potentialAction\":[{\"@type\":\"SearchAction\",\"target\":{\"@type\":\"EntryPoint\",\"urlTemplate\":\"https:\\\/\\\/globaltelas.com.br\\\/?s={search_term_string}\"},\"query-input\":{\"@type\":\"PropertyValueSpecification\",\"valueRequired\":true,\"valueName\":\"search_term_string\"}}],\"inLanguage\":\"pt-BR\"},{\"@type\":[\"Organization\",\"Place\",\"LocalBusiness\"],\"@id\":\"https:\\\/\\\/globaltelas.com.br\\\/#organization\",\"name\":\"Global Telas\",\"url\":\"https:\\\/\\\/globaltelas.com.br\\\/\",\"logo\":{\"@id\":\"https:\\\/\\\/globaltelas.com.br\\\/?page_id=1306#local-main-organization-logo\"},\"image\":{\"@id\":\"https:\\\/\\\/globaltelas.com.br\\\/?page_id=1306#local-main-organization-logo\"},\"sameAs\":[\"https:\\\/\\\/www.facebook.com\\\/GlobalTelasBC\",\"https:\\\/\\\/www.instagram.com\\\/globaltelas\\\/\"],\"address\":{\"@id\":\"https:\\\/\\\/globaltelas.com.br\\\/?page_id=1306#local-main-place-address\"},\"geo\":{\"@type\":\"GeoCoordinates\",\"latitude\":\"-26.983143610780704\",\"longitude\":\"-48.64318505147726\"},\"telephone\":[\"47 3348 1617\",\"(47) 98415-7007\"],\"openingHoursSpecification\":[{\"@type\":\"OpeningHoursSpecification\",\"dayOfWeek\":[\"Monday\",\"Tuesday\",\"Wednesday\",\"Thursday\"],\"opens\":\"08:00\",\"closes\":\"18:00\"},{\"@type\":\"OpeningHoursSpecification\",\"dayOfWeek\":[\"Friday\"],\"opens\":\"08:00\",\"closes\":\"17:00\"},{\"@type\":\"OpeningHoursSpecification\",\"dayOfWeek\":[\"Saturday\",\"Sunday\"],\"opens\":\"00:00\",\"closes\":\"00:00\"}],\"email\":\"contato@globaltelas.com.br\",\"paymentAccepted\":\"Dinheiro, Pix, TED, DOC, Cart\u00e3o de Cr\u00e9dito, Cart\u00e3o de D\u00e9bito\"},{\"@type\":\"PostalAddress\",\"@id\":\"https:\\\/\\\/globaltelas.com.br\\\/?page_id=1306#local-main-place-address\",\"streetAddress\":\"Avenida Martin Luther, 310, Sala 03\",\"addressLocality\":\"Balne\u00e1rio Cambori\u00fa\",\"postalCode\":\"88338-038\",\"addressRegion\":\"Santa Catarina\",\"addressCountry\":\"BR\"},{\"@type\":\"ImageObject\",\"inLanguage\":\"pt-BR\",\"@id\":\"https:\\\/\\\/globaltelas.com.br\\\/?page_id=1306#local-main-organization-logo\",\"url\":\"https:\\\/\\\/globaltelas.com.br\\\/wp-content\\\/uploads\\\/2021\\\/05\\\/Logo-Colorido.png\",\"contentUrl\":\"https:\\\/\\\/globaltelas.com.br\\\/wp-content\\\/uploads\\\/2021\\\/05\\\/Logo-Colorido.png\",\"width\":880,\"height\":540,\"caption\":\"Global Telas\"}]}<\/script>\n<meta name=\"geo.placename\" content=\"Balne\u00e1rio Cambori\u00fa\" \/>\n<meta name=\"geo.position\" content=\"-26.983143610780704;-48.64318505147726\" \/>\n<meta name=\"geo.region\" content=\"Brasil\" \/>\n<!-- \/ Yoast SEO Premium plugin. -->","yoast_head_json":{"title":"Blog - Rede de Prote\u00e7\u00e3o e Tela Mosquiteiro - Global Telas","description":"Blog - Global Telas - Especializada em Rede de Prote\u00e7\u00e3o e Tela Mosquiteiro | Leia o Blog e Saiba Tudo de Rede de Prote\u00e7\u00e3o e Tela Mosquiteiro!","robots":{"index":"index","follow":"follow","max-snippet":"max-snippet:-1","max-image-preview":"max-image-preview:large","max-video-preview":"max-video-preview:-1"},"canonical":"https:\/\/globaltelas.com.br\/?page_id=1306","og_locale":"pt_BR","og_type":"article","og_title":"Blog","og_description":"Blog - Global Telas - Especializada em Rede de Prote\u00e7\u00e3o e Tela Mosquiteiro | Leia o Blog e Saiba Tudo de Rede de Prote\u00e7\u00e3o e Tela Mosquiteiro!","og_url":"https:\/\/globaltelas.com.br\/?page_id=1306","og_site_name":"Global Telas","article_publisher":"https:\/\/www.facebook.com\/GlobalTelasBC","article_modified_time":"2021-11-01T12:52:19+00:00","og_image":[{"width":1080,"height":1080,"url":"https:\/\/globaltelas.com.br\/wp-content\/uploads\/2021\/10\/Blog.png","type":"image\/png"}],"twitter_card":"summary_large_image","schema":{"@context":"https:\/\/schema.org","@graph":[{"@type":["WebPage","CollectionPage"],"@id":"https:\/\/globaltelas.com.br\/?page_id=1306","url":"https:\/\/globaltelas.com.br\/?page_id=1306","name":"Blog - Rede de Prote\u00e7\u00e3o e Tela Mosquiteiro - Global Telas","isPartOf":{"@id":"https:\/\/globaltelas.com.br\/#website"},"primaryImageOfPage":{"@id":"https:\/\/globaltelas.com.br\/?page_id=1306#primaryimage"},"image":{"@id":"https:\/\/globaltelas.com.br\/?page_id=1306#primaryimage"},"thumbnailUrl":"https:\/\/globaltelas.com.br\/wp-content\/uploads\/2021\/10\/Blog.png","datePublished":"2021-02-07T15:14:11+00:00","dateModified":"2021-11-01T12:52:19+00:00","description":"Blog - Global Telas - Especializada em Rede de Prote\u00e7\u00e3o e Tela Mosquiteiro | Leia o Blog e Saiba Tudo de Rede de Prote\u00e7\u00e3o e Tela Mosquiteiro!","breadcrumb":{"@id":"https:\/\/globaltelas.com.br\/?page_id=1306#breadcrumb"},"inLanguage":"pt-BR"},{"@type":"ImageObject","inLanguage":"pt-BR","@id":"https:\/\/globaltelas.com.br\/?page_id=1306#primaryimage","url":"https:\/\/globaltelas.com.br\/wp-content\/uploads\/2021\/10\/Blog.png","contentUrl":"https:\/\/globaltelas.com.br\/wp-content\/uploads\/2021\/10\/Blog.png","width":1080,"height":1080},{"@type":"BreadcrumbList","@id":"https:\/\/globaltelas.com.br\/?page_id=1306#breadcrumb","itemListElement":[{"@type":"ListItem","position":1,"name":"Home","item":"https:\/\/globaltelas.com.br\/"},{"@type":"ListItem","position":2,"name":"Blog"}]},{"@type":"WebSite","@id":"https:\/\/globaltelas.com.br\/#website","url":"https:\/\/globaltelas.com.br\/","name":"Global Telas","description":"Rede de Prote\u00e7\u00e3o e Tela Mosquiteiro","publisher":{"@id":"https:\/\/globaltelas.com.br\/#organization"},"potentialAction":[{"@type":"SearchAction","target":{"@type":"EntryPoint","urlTemplate":"https:\/\/globaltelas.com.br\/?s={search_term_string}"},"query-input":{"@type":"PropertyValueSpecification","valueRequired":true,"valueName":"search_term_string"}}],"inLanguage":"pt-BR"},{"@type":["Organization","Place","LocalBusiness"],"@id":"https:\/\/globaltelas.com.br\/#organization","name":"Global Telas","url":"https:\/\/globaltelas.com.br\/","logo":{"@id":"https:\/\/globaltelas.com.br\/?page_id=1306#local-main-organization-logo"},"image":{"@id":"https:\/\/globaltelas.com.br\/?page_id=1306#local-main-organization-logo"},"sameAs":["https:\/\/www.facebook.com\/GlobalTelasBC","https:\/\/www.instagram.com\/globaltelas\/"],"address":{"@id":"https:\/\/globaltelas.com.br\/?page_id=1306#local-main-place-address"},"geo":{"@type":"GeoCoordinates","latitude":"-26.983143610780704","longitude":"-48.64318505147726"},"telephone":["47 3348 1617","(47) 98415-7007"],"openingHoursSpecification":[{"@type":"OpeningHoursSpecification","dayOfWeek":["Monday","Tuesday","Wednesday","Thursday"],"opens":"08:00","closes":"18:00"},{"@type":"OpeningHoursSpecification","dayOfWeek":["Friday"],"opens":"08:00","closes":"17:00"},{"@type":"OpeningHoursSpecification","dayOfWeek":["Saturday","Sunday"],"opens":"00:00","closes":"00:00"}],"email":"contato@globaltelas.com.br","paymentAccepted":"Dinheiro, Pix, TED, DOC, Cart\u00e3o de Cr\u00e9dito, Cart\u00e3o de D\u00e9bito"},{"@type":"PostalAddress","@id":"https:\/\/globaltelas.com.br\/?page_id=1306#local-main-place-address","streetAddress":"Avenida Martin Luther, 310, Sala 03","addressLocality":"Balne\u00e1rio Cambori\u00fa","postalCode":"88338-038","addressRegion":"Santa Catarina","addressCountry":"BR"},{"@type":"ImageObject","inLanguage":"pt-BR","@id":"https:\/\/globaltelas.com.br\/?page_id=1306#local-main-organization-logo","url":"https:\/\/globaltelas.com.br\/wp-content\/uploads\/2021\/05\/Logo-Colorido.png","contentUrl":"https:\/\/globaltelas.com.br\/wp-content\/uploads\/2021\/05\/Logo-Colorido.png","width":880,"height":540,"caption":"Global Telas"}]}},"_links":{"self":[{"href":"https:\/\/globaltelas.com.br\/index.php?rest_route=\/wp\/v2\/pages\/1306","targetHints":{"allow":["GET"]}}],"collection":[{"href":"https:\/\/globaltelas.com.br\/index.php?rest_route=\/wp\/v2\/pages"}],"about":[{"href":"https:\/\/globaltelas.com.br\/index.php?rest_route=\/wp\/v2\/types\/page"}],"author":[{"embeddable":true,"href":"https:\/\/globaltelas.com.br\/index.php?rest_route=\/wp\/v2\/users\/2"}],"replies":[{"embeddable":true,"href":"https:\/\/globaltelas.com.br\/index.php?rest_route=%2Fwp%2Fv2%2Fcomments&post=1306"}],"version-history":[{"count":0,"href":"https:\/\/globaltelas.com.br\/index.php?rest_route=\/wp\/v2\/pages\/1306\/revisions"}],"wp:featuredmedia":[{"embeddable":true,"href":"https:\/\/globaltelas.com.br\/index.php?rest_route=\/wp\/v2\/media\/12944"}],"wp:attachment":[{"href":"https:\/\/globaltelas.com.br\/index.php?rest_route=%2Fwp%2Fv2%2Fmedia&parent=1306"}],"curies":[{"name":"wp","href":"https:\/\/api.w.org\/{rel}","templated":true}]}}