{"id":11803,"date":"2021-08-25T17:48:18","date_gmt":"2021-08-25T20:48:18","guid":{"rendered":"https:\/\/globaltelas.com.br\/?page_id=11803"},"modified":"2022-03-29T09:39:33","modified_gmt":"2022-03-29T12:39:33","slug":"tela-forma-viva","status":"publish","type":"page","link":"https:\/\/globaltelas.com.br\/?page_id=11803","title":{"rendered":"Tela Forma Viva"},"content":{"rendered":"\t\t<div data-elementor-type=\"wp-page\" data-elementor-id=\"11803\" class=\"elementor elementor-11803\" data-elementor-post-type=\"page\">\n\t\t\t\t\t\t<section data-particle_enable=\"false\" data-particle-mobile-disabled=\"false\" class=\"elementor-section elementor-top-section elementor-element elementor-element-a869853 elementor-section-boxed elementor-section-height-default elementor-section-height-default wpr-particle-no wpr-jarallax-no wpr-parallax-no wpr-sticky-section-no\" data-id=\"a869853\" data-element_type=\"section\" data-e-type=\"section\">\n\t\t\t\t\t\t<div class=\"elementor-container elementor-column-gap-default\">\n\t\t\t\t\t<div class=\"elementor-column elementor-col-100 elementor-top-column elementor-element elementor-element-fb4fd0e\" data-id=\"fb4fd0e\" data-element_type=\"column\" data-e-type=\"column\">\n\t\t\t<div class=\"elementor-widget-wrap elementor-element-populated\">\n\t\t\t\t\t\t\t<\/div>\n\t\t<\/div>\n\t\t\t\t\t<\/div>\n\t\t<\/section>\n\t\t\t\t<section data-particle_enable=\"false\" data-particle-mobile-disabled=\"false\" class=\"elementor-section elementor-top-section elementor-element elementor-element-1df2b556 elementor-section-boxed elementor-section-height-default elementor-section-height-default wpr-particle-no wpr-jarallax-no wpr-parallax-no wpr-sticky-section-no\" data-id=\"1df2b556\" data-element_type=\"section\" data-e-type=\"section\">\n\t\t\t\t\t\t<div class=\"elementor-container elementor-column-gap-default\">\n\t\t\t\t\t<div class=\"elementor-column elementor-col-100 elementor-top-column elementor-element elementor-element-31b8c0d\" data-id=\"31b8c0d\" data-element_type=\"column\" data-e-type=\"column\">\n\t\t\t<div class=\"elementor-widget-wrap elementor-element-populated\">\n\t\t\t\t\t\t<div class=\"elementor-element elementor-element-7cd02804 elementor-widget elementor-widget-text-editor\" data-id=\"7cd02804\" data-element_type=\"widget\" data-e-type=\"widget\" data-widget_type=\"text-editor.default\">\n\t\t\t\t\t\t\t\t\t\n<p>A Tela Forma Viva foi especialmente projetada para harmonizar os locais onde ser\u00e1 aplicada, preservando \u00e1reas e oferecendo excelente resultado est\u00e9tico. Ideal para separar e proteger jardins, piscinas, \u00e1reas de lazer, arboriza\u00e7\u00e3o e muitas outras utiliza\u00e7\u00f5es a seu gosto ou necessidade.<\/p>\n\n<p>S\u00e3o aplic\u00e1veis nas mais diversas situa\u00e7\u00f5es proporcionando beleza e praticidade aos cercamentos paisag\u00edsticos.<\/p>\n\n<p>S\u00e3o produzidas com arames galvanizados e revestidos em PVC, e sua instala\u00e7\u00e3o \u00e9 extremamente simples e vers\u00e1til.<\/p>\n\t\t\t\t\t\t\t\t<\/div>\n\t\t\t\t<div class=\"elementor-element elementor-element-cf3bc9d elementor-widget elementor-widget-gallery\" data-id=\"cf3bc9d\" data-element_type=\"widget\" data-e-type=\"widget\" data-settings=\"{&quot;gallery_layout&quot;:&quot;masonry&quot;,&quot;lazyload&quot;:&quot;yes&quot;,&quot;columns&quot;:4,&quot;columns_tablet&quot;:2,&quot;columns_mobile&quot;:1,&quot;gap&quot;:{&quot;unit&quot;:&quot;px&quot;,&quot;size&quot;:10,&quot;sizes&quot;:[]},&quot;gap_tablet&quot;:{&quot;unit&quot;:&quot;px&quot;,&quot;size&quot;:10,&quot;sizes&quot;:[]},&quot;gap_mobile&quot;:{&quot;unit&quot;:&quot;px&quot;,&quot;size&quot;:10,&quot;sizes&quot;:[]},&quot;link_to&quot;:&quot;file&quot;,&quot;overlay_background&quot;:&quot;yes&quot;,&quot;content_hover_animation&quot;:&quot;fade-in&quot;}\" data-widget_type=\"gallery.default\">\n\t\t\t\t\t\t\t<div class=\"elementor-gallery__container\">\n\t\t\t\t\t\t\t<a class=\"e-gallery-item elementor-gallery-item elementor-animated-content\" href=\"https:\/\/globaltelas.com.br\/wp-content\/uploads\/2022\/03\/Tela-Forma-Viva.jpg\">\n\t\t\t\t\t<div class=\"e-gallery-image elementor-gallery-item__image\" data-thumbnail=\"https:\/\/globaltelas.com.br\/wp-content\/uploads\/2022\/03\/Tela-Forma-Viva-300x300.jpg\" data-width=\"300\" data-height=\"300\" aria-label=\"Tela Forma Viva para Jardins\" role=\"img\" ><\/div>\n\t\t\t\t\t\t\t\t\t\t\t<div class=\"elementor-gallery-item__overlay\"><\/div>\n\t\t\t\t\t\t\t\t\t\t\t\t\t\t<\/a>\n\t\t\t\t\t<\/div>\n\t\t\t\t\t<\/div>\n\t\t\t\t\t<\/div>\n\t\t<\/div>\n\t\t\t\t\t<\/div>\n\t\t<\/section>\n\t\t\t\t<section data-particle_enable=\"false\" data-particle-mobile-disabled=\"false\" class=\"elementor-section elementor-top-section elementor-element elementor-element-3fd846f elementor-section-boxed elementor-section-height-default elementor-section-height-default wpr-particle-no wpr-jarallax-no wpr-parallax-no wpr-sticky-section-no\" data-id=\"3fd846f\" data-element_type=\"section\" data-e-type=\"section\">\n\t\t\t\t\t\t<div class=\"elementor-container elementor-column-gap-default\">\n\t\t\t\t\t<div class=\"elementor-column elementor-col-100 elementor-top-column elementor-element elementor-element-f4829ed\" data-id=\"f4829ed\" data-element_type=\"column\" data-e-type=\"column\">\n\t\t\t<div class=\"elementor-widget-wrap elementor-element-populated\">\n\t\t\t\t\t\t<div class=\"elementor-element elementor-element-5a8db95 elementor-widget elementor-widget-text-editor\" data-id=\"5a8db95\" data-element_type=\"widget\" data-e-type=\"widget\" data-widget_type=\"text-editor.default\">\n\t\t\t\t\t\t\t\t\t<div style=\"font-variant-ligatures: normal; font-variant-caps: normal; font-family: Roboto, sans-serif; font-size: 15px; font-style: normal; font-weight: 400;\">\u00a0<\/div>\n<div style=\"font-variant-ligatures: normal; font-variant-caps: normal; font-family: Roboto, sans-serif; font-size: 15px; font-style: normal; font-weight: 400;\">\n<p style=\"font-variant-ligatures: normal; font-variant-caps: normal; font-family: Raleway, sans-serif; font-size: 16px; font-style: normal; font-weight: 400; color: #5d5b5b; text-align: justify;\"><span style=\"font-size: 16px; color: #f7a512;\"><a class=\"no-lightbox\" style=\"font-size: 16px; color: #f7a512;\" href=\"https:\/\/api.whatsapp.com\/send?phone=554733481617&amp;text=Ol%C3%A1!%20Gostaria%20de%20saber%20mais%20informa%C3%A7%C3%B5es%20sobre%20a%20Tela%20Forma%20Viva!\"><img decoding=\"async\" class=\"lazy loaded aligncenter wp-image-8952\" style=\"font-size: 16px; min-height: 1px;\" src=\"https:\/\/i1.wp.com\/www.globaltelas.com.br\/wp-content\/uploads\/2021\/02\/Modelo-Whats.png?resize=560%2C82&amp;ssl=1\" sizes=\"(max-width: 560px) 100vw, 560px\" srcset=\"https:\/\/i1.wp.com\/www.globaltelas.com.br\/wp-content\/uploads\/2021\/02\/Modelo-Whats.png?w=1500&amp;ssl=1 1500w, https:\/\/i1.wp.com\/www.globaltelas.com.br\/wp-content\/uploads\/2021\/02\/Modelo-Whats.png?resize=300%2C44&amp;ssl=1 300w, https:\/\/i1.wp.com\/www.globaltelas.com.br\/wp-content\/uploads\/2021\/02\/Modelo-Whats.png?resize=1024%2C150&amp;ssl=1 1024w, https:\/\/i1.wp.com\/www.globaltelas.com.br\/wp-content\/uploads\/2021\/02\/Modelo-Whats.png?resize=768%2C113&amp;ssl=1 768w\" alt=\"Or\u00e7amento de Tela Forma Viva\" width=\"560\" height=\"82\" data-src=\"https:\/\/i1.wp.com\/www.globaltelas.com.br\/wp-content\/uploads\/2021\/02\/Modelo-Whats.png?resize=560%2C82&amp;ssl=1\" data-srcset=\"https:\/\/i1.wp.com\/www.globaltelas.com.br\/wp-content\/uploads\/2021\/02\/Modelo-Whats.png?w=1500&amp;ssl=1 1500w, https:\/\/i1.wp.com\/www.globaltelas.com.br\/wp-content\/uploads\/2021\/02\/Modelo-Whats.png?resize=300%2C44&amp;ssl=1 300w, https:\/\/i1.wp.com\/www.globaltelas.com.br\/wp-content\/uploads\/2021\/02\/Modelo-Whats.png?resize=1024%2C150&amp;ssl=1 1024w, https:\/\/i1.wp.com\/www.globaltelas.com.br\/wp-content\/uploads\/2021\/02\/Modelo-Whats.png?resize=768%2C113&amp;ssl=1 768w\" data-sizes=\"(max-width: 560px) 100vw, 560px\" data-was-processed=\"true\" \/><\/a><\/span><\/p>\n<\/div>\n<h6>COMO SOLICITO UM OR\u00c7AMENTO?<\/h6>\n<p>O or\u00e7amento da <b>Tela Forma Viva <\/b>\u00e9 feito normalmente em uma visita agendada com um dos nossos t\u00e9cnicos, onde tiramos as medidas e ent\u00e3o estudamos as melhores op\u00e7\u00f5es para o local desejado. Al\u00e9m disso, uma segunda op\u00e7\u00e3o, seria nos passar as medidas e fotos pelo <strong><a href=\"https:\/\/api.whatsapp.com\/send?phone=554733481617&amp;text=Ol%C3%A1!%20Gostaria%20de%20saber%20mais%20informa%C3%A7%C3%B5es%20sobre%20a%20Tela%20Forma%20Viva!\" target=\"_blank\" rel=\"noopener\">WhatsApp<\/a>\u00a0<\/strong>facilitando o or\u00e7amento, caso voc\u00ea n\u00e3o tenha disponibilidade de hor\u00e1rio para a visita.<\/p>\n<p>Ent\u00e3o, voc\u00ea pode solicitar o seu or\u00e7amento ligando nesse n\u00famero (47) 3348-1617 ou, nos chamando pelo WhatsApp clicando<strong>\u00a0<a href=\"https:\/\/api.whatsapp.com\/send?phone=554733481617&amp;text=Ol%C3%A1!%20Gostaria%20de%20saber%20mais%20informa%C3%A7%C3%B5es%20sobre%20a%20Tela%20Forma%20Viva!\" target=\"_blank\" rel=\"noopener\">AQUI<\/a>.<\/strong>\u00a0<\/p>\n<p>\u00c9 poss\u00edvel parcelar em at\u00e9 12x no cart\u00e3o de cr\u00e9dito (Os valores e condi\u00e7\u00f5es de pagamento do or\u00e7amento est\u00e3o sujeitos a altera\u00e7\u00e3o sem aviso pr\u00e9vio).<\/p>\n<p><a href=\"https:\/\/api.whatsapp.com\/send?phone=554733481617&amp;text=Ol%C3%A1!%20Gostaria%20de%20saber%20mais%20informa%C3%A7%C3%B5es%20sobre%20a%20Tela%20Forma%20Viva!\" target=\"_blank\" rel=\"noopener\">Solicite seu or\u00e7amento para Instala\u00e7\u00e3o de Tela Forma Viva!<\/a><\/p>\t\t\t\t\t\t\t\t<\/div>\n\t\t\t\t\t<\/div>\n\t\t<\/div>\n\t\t\t\t\t<\/div>\n\t\t<\/section>\n\t\t\t\t<\/div>\n\t\t","protected":false},"excerpt":{"rendered":"<p>A Tela Forma Viva foi especialmente projetada para harmonizar os locais onde ser\u00e1 aplicada, preservando \u00e1reas e oferecendo excelente resultado est\u00e9tico. Ideal para separar e proteger jardins, piscinas, \u00e1reas de lazer, arboriza\u00e7\u00e3o e muitas outras utiliza\u00e7\u00f5es a seu gosto ou necessidade. S\u00e3o aplic\u00e1veis nas mais diversas situa\u00e7\u00f5es proporcionando beleza e praticidade aos cercamentos paisag\u00edsticos. S\u00e3o produzidas com arames galvanizados e revestidos em PVC, e sua instala\u00e7\u00e3o \u00e9 extremamente simples e vers\u00e1til. COMO SOLICITO UM OR\u00c7AMENTO? O or\u00e7amento da Tela Forma Viva \u00e9 feito normalmente em uma visita agendada com um dos nossos t\u00e9cnicos, onde tiramos as medidas e ent\u00e3o estudamos as melhores op\u00e7\u00f5es para o local desejado. Al\u00e9m disso, uma segunda op\u00e7\u00e3o, seria nos passar as medidas e fotos pelo WhatsApp&nbsp;facilitando o or\u00e7amento, caso voc\u00ea n\u00e3o tenha disponibilidade de hor\u00e1rio para a visita. Ent\u00e3o, voc\u00ea pode solicitar o seu or\u00e7amento ligando nesse n\u00famero (47) 3348-1617 ou, nos chamando pelo WhatsApp clicando&nbsp;AQUI.&nbsp; \u00c9 poss\u00edvel parcelar em at\u00e9 12x no cart\u00e3o de cr\u00e9dito (Os valores e condi\u00e7\u00f5es de pagamento do or\u00e7amento est\u00e3o sujeitos a altera\u00e7\u00e3o sem aviso pr\u00e9vio). Solicite seu or\u00e7amento para Instala\u00e7\u00e3o de Tela Forma Viva!<\/p>\n","protected":false},"author":2,"featured_media":16507,"parent":11592,"menu_order":17,"comment_status":"closed","ping_status":"closed","template":"elementor_full_width","meta":{"site-sidebar-layout":"default","site-content-layout":"","ast-site-content-layout":"default","site-content-style":"default","site-sidebar-style":"default","ast-global-header-display":"","ast-banner-title-visibility":"","ast-main-header-display":"","ast-hfb-above-header-display":"","ast-hfb-below-header-display":"","ast-hfb-mobile-header-display":"","site-post-title":"","ast-breadcrumbs-content":"","ast-featured-img":"","footer-sml-layout":"","ast-disable-related-posts":"","theme-transparent-header-meta":"","adv-header-id-meta":"","stick-header-meta":"","header-above-stick-meta":"","header-main-stick-meta":"","header-below-stick-meta":"","astra-migrate-meta-layouts":"default","ast-page-background-enabled":"default","ast-page-background-meta":{"desktop":{"background-color":"var(--ast-global-color-5)","background-image":"","background-repeat":"repeat","background-position":"center center","background-size":"auto","background-attachment":"scroll","background-type":"","background-media":"","overlay-type":"","overlay-color":"","overlay-opacity":"","overlay-gradient":""},"tablet":{"background-color":"","background-image":"","background-repeat":"repeat","background-position":"center center","background-size":"auto","background-attachment":"scroll","background-type":"","background-media":"","overlay-type":"","overlay-color":"","overlay-opacity":"","overlay-gradient":""},"mobile":{"background-color":"","background-image":"","background-repeat":"repeat","background-position":"center center","background-size":"auto","background-attachment":"scroll","background-type":"","background-media":"","overlay-type":"","overlay-color":"","overlay-opacity":"","overlay-gradient":""}},"ast-content-background-meta":{"desktop":{"background-color":"var(--ast-global-color-4)","background-image":"","background-repeat":"repeat","background-position":"center center","background-size":"auto","background-attachment":"scroll","background-type":"","background-media":"","overlay-type":"","overlay-color":"","overlay-opacity":"","overlay-gradient":""},"tablet":{"background-color":"var(--ast-global-color-4)","background-image":"","background-repeat":"repeat","background-position":"center center","background-size":"auto","background-attachment":"scroll","background-type":"","background-media":"","overlay-type":"","overlay-color":"","overlay-opacity":"","overlay-gradient":""},"mobile":{"background-color":"var(--ast-global-color-4)","background-image":"","background-repeat":"repeat","background-position":"center center","background-size":"auto","background-attachment":"scroll","background-type":"","background-media":"","overlay-type":"","overlay-color":"","overlay-opacity":"","overlay-gradient":""}},"footnotes":""},"class_list":["post-11803","page","type-page","status-publish","has-post-thumbnail","hentry"],"yoast_head":"<!-- This site is optimized with the Yoast SEO Premium plugin v20.0 (Yoast SEO v27.3) - https:\/\/yoast.com\/product\/yoast-seo-premium-wordpress\/ -->\n<title>Tela Forma Viva - Global Telas<\/title>\n<meta name=\"description\" content=\"Tela Forma Viva ideal para separar e proteger jardins, piscinas, \u00e1reas de lazer, arboriza\u00e7\u00e3o e outras utiliza\u00e7\u00f5es a seu gosto ou necessidade.\" \/>\n<meta name=\"robots\" content=\"index, follow, max-snippet:-1, max-image-preview:large, max-video-preview:-1\" \/>\n<link rel=\"canonical\" href=\"https:\/\/globaltelas.com.br\/?page_id=11803\" \/>\n<meta property=\"og:locale\" content=\"pt_BR\" \/>\n<meta property=\"og:type\" content=\"article\" \/>\n<meta property=\"og:title\" content=\"Tela Forma Viva\" \/>\n<meta property=\"og:description\" content=\"Tela Forma Viva ideal para separar e proteger jardins, piscinas, \u00e1reas de lazer, arboriza\u00e7\u00e3o e outras utiliza\u00e7\u00f5es a seu gosto ou necessidade.\" \/>\n<meta property=\"og:url\" content=\"https:\/\/globaltelas.com.br\/?page_id=11803\" \/>\n<meta property=\"og:site_name\" content=\"Global Telas\" \/>\n<meta property=\"article:publisher\" content=\"https:\/\/www.facebook.com\/GlobalTelasBC\" \/>\n<meta property=\"article:modified_time\" content=\"2022-03-29T12:39:33+00:00\" \/>\n<meta property=\"og:image\" content=\"https:\/\/globaltelas.com.br\/wp-content\/uploads\/2022\/03\/Tela-Forma-Viva.jpg\" \/>\n\t<meta property=\"og:image:width\" content=\"2000\" \/>\n\t<meta property=\"og:image:height\" content=\"2000\" \/>\n\t<meta property=\"og:image:type\" content=\"image\/jpeg\" \/>\n<meta name=\"twitter:card\" content=\"summary_large_image\" \/>\n<meta name=\"twitter:label1\" content=\"Est. tempo de leitura\" \/>\n\t<meta name=\"twitter:data1\" content=\"2 minutos\" \/>\n<script type=\"application\/ld+json\" class=\"yoast-schema-graph\">{\"@context\":\"https:\\\/\\\/schema.org\",\"@graph\":[{\"@type\":\"WebPage\",\"@id\":\"https:\\\/\\\/globaltelas.com.br\\\/?page_id=11803\",\"url\":\"https:\\\/\\\/globaltelas.com.br\\\/?page_id=11803\",\"name\":\"Tela Forma Viva - Global Telas\",\"isPartOf\":{\"@id\":\"https:\\\/\\\/globaltelas.com.br\\\/#website\"},\"primaryImageOfPage\":{\"@id\":\"https:\\\/\\\/globaltelas.com.br\\\/?page_id=11803#primaryimage\"},\"image\":{\"@id\":\"https:\\\/\\\/globaltelas.com.br\\\/?page_id=11803#primaryimage\"},\"thumbnailUrl\":\"https:\\\/\\\/globaltelas.com.br\\\/wp-content\\\/uploads\\\/2022\\\/03\\\/Tela-Forma-Viva.jpg\",\"datePublished\":\"2021-08-25T20:48:18+00:00\",\"dateModified\":\"2022-03-29T12:39:33+00:00\",\"description\":\"Tela Forma Viva ideal para separar e proteger jardins, piscinas, \u00e1reas de lazer, arboriza\u00e7\u00e3o e outras utiliza\u00e7\u00f5es a seu gosto ou necessidade.\",\"breadcrumb\":{\"@id\":\"https:\\\/\\\/globaltelas.com.br\\\/?page_id=11803#breadcrumb\"},\"inLanguage\":\"pt-BR\",\"potentialAction\":[{\"@type\":\"ReadAction\",\"target\":[\"https:\\\/\\\/globaltelas.com.br\\\/?page_id=11803\"]}]},{\"@type\":\"ImageObject\",\"inLanguage\":\"pt-BR\",\"@id\":\"https:\\\/\\\/globaltelas.com.br\\\/?page_id=11803#primaryimage\",\"url\":\"https:\\\/\\\/globaltelas.com.br\\\/wp-content\\\/uploads\\\/2022\\\/03\\\/Tela-Forma-Viva.jpg\",\"contentUrl\":\"https:\\\/\\\/globaltelas.com.br\\\/wp-content\\\/uploads\\\/2022\\\/03\\\/Tela-Forma-Viva.jpg\",\"width\":2000,\"height\":2000,\"caption\":\"Tela Forma Viva para Jardins\"},{\"@type\":\"BreadcrumbList\",\"@id\":\"https:\\\/\\\/globaltelas.com.br\\\/?page_id=11803#breadcrumb\",\"itemListElement\":[{\"@type\":\"ListItem\",\"position\":1,\"name\":\"Home\",\"item\":\"https:\\\/\\\/globaltelas.com.br\\\/\"},{\"@type\":\"ListItem\",\"position\":2,\"name\":\"Produtos e Servi\u00e7os\",\"item\":\"https:\\\/\\\/globaltelas.com.br\\\/?page_id=11592\"},{\"@type\":\"ListItem\",\"position\":3,\"name\":\"Tela Forma Viva\"}]},{\"@type\":\"WebSite\",\"@id\":\"https:\\\/\\\/globaltelas.com.br\\\/#website\",\"url\":\"https:\\\/\\\/globaltelas.com.br\\\/\",\"name\":\"Global Telas\",\"description\":\"Rede de Prote\u00e7\u00e3o e Tela Mosquiteiro\",\"publisher\":{\"@id\":\"https:\\\/\\\/globaltelas.com.br\\\/#organization\"},\"potentialAction\":[{\"@type\":\"SearchAction\",\"target\":{\"@type\":\"EntryPoint\",\"urlTemplate\":\"https:\\\/\\\/globaltelas.com.br\\\/?s={search_term_string}\"},\"query-input\":{\"@type\":\"PropertyValueSpecification\",\"valueRequired\":true,\"valueName\":\"search_term_string\"}}],\"inLanguage\":\"pt-BR\"},{\"@type\":[\"Organization\",\"Place\",\"LocalBusiness\"],\"@id\":\"https:\\\/\\\/globaltelas.com.br\\\/#organization\",\"name\":\"Global Telas\",\"url\":\"https:\\\/\\\/globaltelas.com.br\\\/\",\"logo\":{\"@id\":\"https:\\\/\\\/globaltelas.com.br\\\/?page_id=11803#local-main-organization-logo\"},\"image\":{\"@id\":\"https:\\\/\\\/globaltelas.com.br\\\/?page_id=11803#local-main-organization-logo\"},\"sameAs\":[\"https:\\\/\\\/www.facebook.com\\\/GlobalTelasBC\",\"https:\\\/\\\/www.instagram.com\\\/globaltelas\\\/\"],\"address\":{\"@id\":\"https:\\\/\\\/globaltelas.com.br\\\/?page_id=11803#local-main-place-address\"},\"geo\":{\"@type\":\"GeoCoordinates\",\"latitude\":\"-26.983143610780704\",\"longitude\":\"-48.64318505147726\"},\"telephone\":[\"47 3348 1617\",\"(47) 98415-7007\"],\"openingHoursSpecification\":[{\"@type\":\"OpeningHoursSpecification\",\"dayOfWeek\":[\"Monday\",\"Tuesday\",\"Wednesday\",\"Thursday\"],\"opens\":\"08:00\",\"closes\":\"18:00\"},{\"@type\":\"OpeningHoursSpecification\",\"dayOfWeek\":[\"Friday\"],\"opens\":\"08:00\",\"closes\":\"17:00\"},{\"@type\":\"OpeningHoursSpecification\",\"dayOfWeek\":[\"Saturday\",\"Sunday\"],\"opens\":\"00:00\",\"closes\":\"00:00\"}],\"email\":\"contato@globaltelas.com.br\",\"paymentAccepted\":\"Dinheiro, Pix, TED, DOC, Cart\u00e3o de Cr\u00e9dito, Cart\u00e3o de D\u00e9bito\"},{\"@type\":\"PostalAddress\",\"@id\":\"https:\\\/\\\/globaltelas.com.br\\\/?page_id=11803#local-main-place-address\",\"streetAddress\":\"Avenida Martin Luther, 310, Sala 03\",\"addressLocality\":\"Balne\u00e1rio Cambori\u00fa\",\"postalCode\":\"88338-038\",\"addressRegion\":\"Santa Catarina\",\"addressCountry\":\"BR\"},{\"@type\":\"ImageObject\",\"inLanguage\":\"pt-BR\",\"@id\":\"https:\\\/\\\/globaltelas.com.br\\\/?page_id=11803#local-main-organization-logo\",\"url\":\"https:\\\/\\\/globaltelas.com.br\\\/wp-content\\\/uploads\\\/2021\\\/05\\\/Logo-Colorido.png\",\"contentUrl\":\"https:\\\/\\\/globaltelas.com.br\\\/wp-content\\\/uploads\\\/2021\\\/05\\\/Logo-Colorido.png\",\"width\":880,\"height\":540,\"caption\":\"Global Telas\"}]}<\/script>\n<meta name=\"geo.placename\" content=\"Balne\u00e1rio Cambori\u00fa\" \/>\n<meta name=\"geo.position\" content=\"-26.983143610780704;-48.64318505147726\" \/>\n<meta name=\"geo.region\" content=\"Brasil\" \/>\n<!-- \/ Yoast SEO Premium plugin. -->","yoast_head_json":{"title":"Tela Forma Viva - Global Telas","description":"Tela Forma Viva ideal para separar e proteger jardins, piscinas, \u00e1reas de lazer, arboriza\u00e7\u00e3o e outras utiliza\u00e7\u00f5es a seu gosto ou necessidade.","robots":{"index":"index","follow":"follow","max-snippet":"max-snippet:-1","max-image-preview":"max-image-preview:large","max-video-preview":"max-video-preview:-1"},"canonical":"https:\/\/globaltelas.com.br\/?page_id=11803","og_locale":"pt_BR","og_type":"article","og_title":"Tela Forma Viva","og_description":"Tela Forma Viva ideal para separar e proteger jardins, piscinas, \u00e1reas de lazer, arboriza\u00e7\u00e3o e outras utiliza\u00e7\u00f5es a seu gosto ou necessidade.","og_url":"https:\/\/globaltelas.com.br\/?page_id=11803","og_site_name":"Global Telas","article_publisher":"https:\/\/www.facebook.com\/GlobalTelasBC","article_modified_time":"2022-03-29T12:39:33+00:00","og_image":[{"width":2000,"height":2000,"url":"https:\/\/globaltelas.com.br\/wp-content\/uploads\/2022\/03\/Tela-Forma-Viva.jpg","type":"image\/jpeg"}],"twitter_card":"summary_large_image","twitter_misc":{"Est. tempo de leitura":"2 minutos"},"schema":{"@context":"https:\/\/schema.org","@graph":[{"@type":"WebPage","@id":"https:\/\/globaltelas.com.br\/?page_id=11803","url":"https:\/\/globaltelas.com.br\/?page_id=11803","name":"Tela Forma Viva - Global Telas","isPartOf":{"@id":"https:\/\/globaltelas.com.br\/#website"},"primaryImageOfPage":{"@id":"https:\/\/globaltelas.com.br\/?page_id=11803#primaryimage"},"image":{"@id":"https:\/\/globaltelas.com.br\/?page_id=11803#primaryimage"},"thumbnailUrl":"https:\/\/globaltelas.com.br\/wp-content\/uploads\/2022\/03\/Tela-Forma-Viva.jpg","datePublished":"2021-08-25T20:48:18+00:00","dateModified":"2022-03-29T12:39:33+00:00","description":"Tela Forma Viva ideal para separar e proteger jardins, piscinas, \u00e1reas de lazer, arboriza\u00e7\u00e3o e outras utiliza\u00e7\u00f5es a seu gosto ou necessidade.","breadcrumb":{"@id":"https:\/\/globaltelas.com.br\/?page_id=11803#breadcrumb"},"inLanguage":"pt-BR","potentialAction":[{"@type":"ReadAction","target":["https:\/\/globaltelas.com.br\/?page_id=11803"]}]},{"@type":"ImageObject","inLanguage":"pt-BR","@id":"https:\/\/globaltelas.com.br\/?page_id=11803#primaryimage","url":"https:\/\/globaltelas.com.br\/wp-content\/uploads\/2022\/03\/Tela-Forma-Viva.jpg","contentUrl":"https:\/\/globaltelas.com.br\/wp-content\/uploads\/2022\/03\/Tela-Forma-Viva.jpg","width":2000,"height":2000,"caption":"Tela Forma Viva para Jardins"},{"@type":"BreadcrumbList","@id":"https:\/\/globaltelas.com.br\/?page_id=11803#breadcrumb","itemListElement":[{"@type":"ListItem","position":1,"name":"Home","item":"https:\/\/globaltelas.com.br\/"},{"@type":"ListItem","position":2,"name":"Produtos e Servi\u00e7os","item":"https:\/\/globaltelas.com.br\/?page_id=11592"},{"@type":"ListItem","position":3,"name":"Tela Forma Viva"}]},{"@type":"WebSite","@id":"https:\/\/globaltelas.com.br\/#website","url":"https:\/\/globaltelas.com.br\/","name":"Global Telas","description":"Rede de Prote\u00e7\u00e3o e Tela Mosquiteiro","publisher":{"@id":"https:\/\/globaltelas.com.br\/#organization"},"potentialAction":[{"@type":"SearchAction","target":{"@type":"EntryPoint","urlTemplate":"https:\/\/globaltelas.com.br\/?s={search_term_string}"},"query-input":{"@type":"PropertyValueSpecification","valueRequired":true,"valueName":"search_term_string"}}],"inLanguage":"pt-BR"},{"@type":["Organization","Place","LocalBusiness"],"@id":"https:\/\/globaltelas.com.br\/#organization","name":"Global Telas","url":"https:\/\/globaltelas.com.br\/","logo":{"@id":"https:\/\/globaltelas.com.br\/?page_id=11803#local-main-organization-logo"},"image":{"@id":"https:\/\/globaltelas.com.br\/?page_id=11803#local-main-organization-logo"},"sameAs":["https:\/\/www.facebook.com\/GlobalTelasBC","https:\/\/www.instagram.com\/globaltelas\/"],"address":{"@id":"https:\/\/globaltelas.com.br\/?page_id=11803#local-main-place-address"},"geo":{"@type":"GeoCoordinates","latitude":"-26.983143610780704","longitude":"-48.64318505147726"},"telephone":["47 3348 1617","(47) 98415-7007"],"openingHoursSpecification":[{"@type":"OpeningHoursSpecification","dayOfWeek":["Monday","Tuesday","Wednesday","Thursday"],"opens":"08:00","closes":"18:00"},{"@type":"OpeningHoursSpecification","dayOfWeek":["Friday"],"opens":"08:00","closes":"17:00"},{"@type":"OpeningHoursSpecification","dayOfWeek":["Saturday","Sunday"],"opens":"00:00","closes":"00:00"}],"email":"contato@globaltelas.com.br","paymentAccepted":"Dinheiro, Pix, TED, DOC, Cart\u00e3o de Cr\u00e9dito, Cart\u00e3o de D\u00e9bito"},{"@type":"PostalAddress","@id":"https:\/\/globaltelas.com.br\/?page_id=11803#local-main-place-address","streetAddress":"Avenida Martin Luther, 310, Sala 03","addressLocality":"Balne\u00e1rio Cambori\u00fa","postalCode":"88338-038","addressRegion":"Santa Catarina","addressCountry":"BR"},{"@type":"ImageObject","inLanguage":"pt-BR","@id":"https:\/\/globaltelas.com.br\/?page_id=11803#local-main-organization-logo","url":"https:\/\/globaltelas.com.br\/wp-content\/uploads\/2021\/05\/Logo-Colorido.png","contentUrl":"https:\/\/globaltelas.com.br\/wp-content\/uploads\/2021\/05\/Logo-Colorido.png","width":880,"height":540,"caption":"Global Telas"}]}},"_links":{"self":[{"href":"https:\/\/globaltelas.com.br\/index.php?rest_route=\/wp\/v2\/pages\/11803","targetHints":{"allow":["GET"]}}],"collection":[{"href":"https:\/\/globaltelas.com.br\/index.php?rest_route=\/wp\/v2\/pages"}],"about":[{"href":"https:\/\/globaltelas.com.br\/index.php?rest_route=\/wp\/v2\/types\/page"}],"author":[{"embeddable":true,"href":"https:\/\/globaltelas.com.br\/index.php?rest_route=\/wp\/v2\/users\/2"}],"replies":[{"embeddable":true,"href":"https:\/\/globaltelas.com.br\/index.php?rest_route=%2Fwp%2Fv2%2Fcomments&post=11803"}],"version-history":[{"count":0,"href":"https:\/\/globaltelas.com.br\/index.php?rest_route=\/wp\/v2\/pages\/11803\/revisions"}],"up":[{"embeddable":true,"href":"https:\/\/globaltelas.com.br\/index.php?rest_route=\/wp\/v2\/pages\/11592"}],"wp:featuredmedia":[{"embeddable":true,"href":"https:\/\/globaltelas.com.br\/index.php?rest_route=\/wp\/v2\/media\/16507"}],"wp:attachment":[{"href":"https:\/\/globaltelas.com.br\/index.php?rest_route=%2Fwp%2Fv2%2Fmedia&parent=11803"}],"curies":[{"name":"wp","href":"https:\/\/api.w.org\/{rel}","templated":true}]}}